{"id":8,"date":"2013-08-14T01:04:28","date_gmt":"2013-08-13T23:04:28","guid":{"rendered":"http:\/\/www2.furano.jp\/natsuki\/?page_id=8"},"modified":"2021-08-29T07:22:19","modified_gmt":"2021-08-28T22:22:19","slug":"biography","status":"publish","type":"page","link":"https:\/\/www2.furano.jp\/natsuki\/biography\/","title":{"rendered":"Biography"},"content":{"rendered":"<div class=\"wpb-content-wrapper\"><p>[vc_row][vc_column][lab_heading title=&#8221;Biography&#8221;][\/lab_heading][vc_row_inner][vc_column_inner width=&#8221;1\/6&#8243;][vc_column_text]<a href=\"#japanese\">Japanese<\/a>[\/vc_column_text][\/vc_column_inner][vc_column_inner width=&#8221;1\/6&#8243;][vc_column_text]<a href=\"#espa\u00f1ol\">Espa\u00f1ol<\/a>[\/vc_column_text][\/vc_column_inner][vc_column_inner width=&#8221;1\/6&#8243;][\/vc_column_inner][vc_column_inner width=&#8221;1\/6&#8243;][\/vc_column_inner][vc_column_inner width=&#8221;1\/6&#8243;][\/vc_column_inner][vc_column_inner width=&#8221;1\/6&#8243;][\/vc_column_inner][\/vc_row_inner][\/vc_column][\/vc_row][vc_row css=&#8221;.vc_custom_1497298884111{margin-top: 30px !important;}&#8221;][vc_column width=&#8221;1\/3&#8243;][vc_single_image image=&#8221;12&#8243; img_size=&#8221;large&#8221; alignment=&#8221;right&#8221;][\/vc_column][vc_column width=&#8221;2\/3&#8243;][lab_heading title_tag=&#8221;H3&#8243; title=&#8221;Natsuki Nishimoto&#8221;]Pianist.[\/lab_heading][vc_column_text]<\/p>\n<p class=\"p1\">Furano (Hokkaido) native Natsuki Nishimoto graduated from Waseda University and Tokyo University of the Arts. In Spain she completed master\u2019s degree from both the Escola Superior de M\u00fasica de Catalunya and the Conservatori Superior de M\u00fasica de Castell\u00f3.<br \/>\nShe is particularly partial to Spanish and South American repertory. She has won numerous prizes : 1st prize in the 1st San Giovanni Teatino International Piano Competition, 2nd prize in the 6th Campillos International Piano Competition, 2nd prize in the 2015 Malta International Piano Competition, 3rd prize in the 13th \u201cSpanish Composers\u201c International Piano Competition and 3rd prize in the 15th Jose Roca International Piano Competition.<\/p>\n<p class=\"p1\">A number of contemporary composers have dedicated works to her. In 2012 Russian composer Nikolai Kapustin dedicated two pieces for piano duo to her: \u2018Three for two Op.145\u2019 and \u2018Capriccio Op.146\u2019 and these were premiered in 2014 by her own piano duo ensemble piaNA. In 2018 Spanish composer Pascual Gimeno dedicated \u2018Concert-Estudios de Ritmo, Libros 2\u2019 to her and she has recorded his \u2018Concert-Estudios de Ritmo, Libros1&amp;2\u2019 as world premiere and released the CD from ALM Records in 2020.<\/p>\n<p class=\"p1\">So far she has collaborated with numerous orchestras, including the \u00c7ukurova State Symphony Orchestra, the Northen Rhin Westfallen Orchesterzentrum Chamber Orchestra, the Tokyo Philharmonic Orchestra, the Osaka Symphony Orchestra et al. In 2017 she gave the European premiere of Kapustin\u2019s 6th Piano Concerto with the City of Barcelona Wind Orchestra, which was broadcast on the local radio station Catalunya Radio.<\/p>\n<p class=\"p1\">In 2018 she participated in the creation of the disk \u2018Le Tombeau de Claude Debussy\u2019 was selected as a Record Geijutsu \u2018tokusenban\u2019 (editor\u2019s choice). At present, she is pursuing her varied career as a solo and chamber musician, treading her own unique path.<\/p>\n<p>[\/vc_column_text][\/vc_column][\/vc_row][vc_row css=&#8221;.vc_custom_1497298858754{margin-top: 30px !important;margin-bottom: 30px !important;}&#8221;][vc_column][vc_separator][\/vc_column][\/vc_row][vc_row el_id=&#8221;japanese&#8221;][vc_column width=&#8221;2\/3&#8243;][lab_heading title_tag=&#8221;H3&#8243; title=&#8221;\u897f\u672c\u590f\u751f&#8221;]\u30d4\u30a2\u30cb\u30b9\u30c8[\/lab_heading][vc_column_text]<\/p>\n<p class=\"p1\">\u3000\u5317\u6d77\u9053\u5bcc\u826f\u91ce\u5e02\u51fa\u8eab\u3002\u65e9\u7a32\u7530\u5927\u5b66\u5352\u3001\u6771\u4eac\u85dd\u8853\u5927\u5b66\u5927\u5b66\u9662\u4fee\u4e86\u3002\u30b9\u30da\u30a4\u30f3\u306b\u3066\u30ab\u30bf\u30eb\u30fc\u30cb\u30e3\u9ad8\u7b49\u97f3\u697d\u9662\u3001\u30ab\u30b9\u30c6\u30b8\u30e7\u30f3\u9ad8\u7b49\u97f3\u697d\u9662\u306e\u4e21\u4fee\u58eb\u8ab2\u7a0b\u3092\u4fee\u4e86\u3002<\/p>\n<p class=\"p1\">\u3000\u7279\u306b\u30b9\u30da\u30a4\u30f3\u3084\u30e9\u30c6\u30f3\u30a2\u30e1\u30ea\u30ab\u306e\u30ec\u30d1\u30fc\u30c8\u30ea\u30fc\u3092\u5f97\u610f\u3068\u3059\u308b\u3002\u7b2c1\u56de\u30b5\u30f3\u30fb\u30b8\u30e7\u30f4\u30a1\u30f3\u30cb\u30fb\u30c6\u30a2\u30c3\u30c6\u30a3\u30fc\u30ce\u56fd\u969b\u30d4\u30a2\u30ce\u30b3\u30f3\u30af\u30fc\u30eb\u7b2c1\u4f4d\u3001\u7b2c6\u56de\u30ab\u30f3\u30d4\u30fc\u30b8\u30e7\u30b9\u56fd\u969b\u30d4\u30a2\u30ce\u30b3\u30f3\u30af\u30fc\u30eb\u7b2c2\u4f4d\u30012015\u5e74\u30de\u30eb\u30bf\u56fd\u969b\u30d4\u30a2\u30ce\u30b3\u30f3\u30af\u30fc\u30eb\u7b2c2\u4f4d\u3001\u7b2c13\u56de\u30b9\u30da\u30a4\u30f3\u4eba\u4f5c\u66f2\u5bb6\u56fd\u969b\u30d4\u30a2\u30ce\u30b3\u30f3\u30af\u30fc\u30eb\u7b2c3\u4f4d\u3001\u7b2c15\u56de\u30db\u30bb\u30fb\u30ed\u30ab\u56fd\u969b\u30d4\u30a2\u30ce\u30b3\u30f3\u30af\u30fc\u30eb\u7b2c3\u4f4d\u7b49\u3001\u6570\u591a\u304f\u306e\u8cde\u3092\u53d7\u8cde\u3002<\/p>\n<p class=\"p1\">\u3000\u540c\u6642\u4ee3\u306e\u4f5c\u66f2\u5bb6\u305f\u3061\u304b\u3089\u591a\u304f\u306e\u4f5c\u54c1\u3092\u732e\u5448\u3055\u308c\u3066\u3044\u308b\u30022012\u5e74\u306b\u306f\u30cb\u30b3\u30e9\u30a4\u30fb\u30ab\u30d7\u30fc\u30b9\u30c1\u30f3\u3088\u308a2\u66f2\u306e\u30d4\u30a2\u30ce\u30c7\u30e5\u30aa\u66f2\u300aThree for two op.145\u300b\u300aCapriccio op.146\u300b\u3092\u732e\u5448\u3055\u308c\u30012014\u5e74\u306b\u81ea\u8eab\u306e\u30d4\u30a2\u30ce\u30c7\u30e5\u30aapiaNA\u3067\u4e16\u754c\u521d\u6f14\u3092\u884c\u3063\u305f\u30022021\u5e74\u3001\u3053\u306e2\u4f5c\u54c1\u542b\u3093\u3060CD\u30a2\u30eb\u30d0\u30e0\u300a1122\u301c\u30ab\u30d7\u30fc\u30b9\u30c1\u30f34\u624b\u306e\u305f\u3081\u306e\u30d4\u30a2\u30ce\u4f5c\u54c1\u96c6\u301c\u300b\u3092BRAVO Records\u3088\u308a\u30ea\u30ea\u30fc\u30b9\u3002\u300c\u30ec\u30b3\u30fc\u30c9\u82b8\u8853\u300d\u8a8c\u306b\u304a\u3044\u3066\u7279\u9078\u76e4\u306b\u9078\u51fa\u3055\u308c\u305f\u3002<\/p>\n<p class=\"p1\">2018\u5e74\u306b\u306f\u30b9\u30da\u30a4\u30f3\u4eba\u4f5c\u66f2\u5bb6\u30d1\u30b9\u30ab\u30eb\u30fb\u30d2\u30e1\u30ce\u3088\u308a\u300a\u6f14\u594f\u4f1a\u7528\u30ea\u30ba\u30e0\u30fb\u30a8\u30c1\u30e5\u30fc\u30c9\u7b2c\uff12\u96c6\u300b\u304c\u732e\u5448\u3055\u308c\u3001\u540c\u4f5c\u66f2\u5bb6\u306e\u4e16\u754c\u521d\u9332\u97f3CD\u3068\u306a\u308b\u300c\u30d1\u30b9\u30ab\u30eb\u30fb\u30d2\u30e1\u30ce\uff0f\u6f14\u594f\u4f1a\u7528\u30ea\u30ba\u30e0\u30fb\u30a8\u30c1\u30e5\u30fc\u30c9\u7b2c\uff11\u96c6 \u7b2c\uff12\u96c6\u300d\u3092ALM Records\u3088\u308a\u30ea\u30ea\u30fc\u30b9\u3057\u3001\u300e\u30ec\u30b3\u30fc\u30c9\u82b8\u8853\u300f\u8a8c\u306b\u3066\u6e96\u7279\u9078\u76e4\u306b\u9078\u3070\u308c\u305f\u3002\u307e\u305f\u3001\u5168\u97f3\u697d\u8b5c\u51fa\u7248\u793e\u3088\u308a\u51fa\u7248\u3055\u308c\u305f\u540c\u66f2\u306e\u904b\u6307\u3082\u62c5\u5f53\u3057\u3066\u3044\u308b\u3002<\/p>\n<p class=\"p1\">\u3000\u3053\u308c\u307e\u3067\u306b\u00c7ukurova State\u4ea4\u97ff\u697d\u56e3\uff08\u30c8\u30eb\u30b3\uff09\u3001Northen Rhin Westfallen Orchesterzentrum\u5ba4\u5185\u7ba1\u5f26\u697d\u56e3\uff08\u30c9\u30a4\u30c4\uff09\u3001\u6771\u4eac\u30d5\u30a3\u30eb\u30cf\u30fc\u30e2\u30cb\u30fc\u4ea4\u97ff\u697d\u56e3\u3001\u5927\u962a\u4ea4\u97ff\u697d\u56e3\u306a\u3069\u6570\u3005\u306e\u30aa\u30fc\u30b1\u30b9\u30c8\u30e9\u3068\u306e\u5171\u6f14\u3092\u91cd\u306d\u308b\u30022017\u5e74\u306b\u306f\u30b5\u30eb\u30f4\u30a1\u30c9\u30fc\u30eb\u30fb\u30d6\u30ed\u30c8\u30f3\u30b9\u6307\u63ee\u3001\u30d0\u30eb\u30bb\u30ed\u30ca\u5e02\u30a6\u30a3\u30f3\u30c9\u30aa\u30fc\u30b1\u30b9\u30c8\u30e9\u3068\u306e\u5171\u6f14\u3067\u30ab\u30d7\u30fc\u30b9\u30c1\u30f3\u300a\u30d4\u30a2\u30ce\u5354\u594f\u66f2\u7b2c6\u756a\u300b\u306e\u30e8\u30fc\u30ed\u30c3\u30d1\u521d\u6f14\u3092\u30b9\u30da\u30a4\u30f3\u306b\u3066\u679c\u305f\u3057\u3001\u305d\u306e\u69d8\u5b50\u306f\u73fe\u5730\u306e\u30e9\u30b8\u30aa\u5c40\u30ab\u30bf\u30eb\u30fc\u30cb\u30e3\u30fb\u30e9\u30b8\u30aa\u306b\u3066\u653e\u9001\u3055\u308c\u305f\u3002<\/p>\n<p class=\"p1\">\u30002018\u5e74\u3001\u30d4\u30a2\u30cb\u30b9\u30c8\u30fb\u6587\u7b46\u5bb6\u306e\u9752\u67f3\u3044\u3065\u307f\u3053\u6c0f\u4f01\u753b\u30fb\u76e3\u4fee\u306e\u30a2\u30eb\u30d0\u30e0\u300c\u30af\u30ed\u30fc\u30c9\u30fb\u30c9\u30d3\u30e5\u30c3\u30b7\u30fc\u306e\u5893\u300d\uff08R-RESONANCE\uff09\u306b\u53c2\u52a0\u3002\u540c\u30a2\u30eb\u30d0\u30e0\u306f\u300e\u30ec\u30b3\u30fc\u30c9\u82b8\u8853\u300f\u8a8c\u306e\u7279\u9078\u76e4\u306b\u9078\u51fa\u3055\u308c\u305f\u30022018\u5e74\u30012019\u5e74\u306b\u306f\u4f5c\u66f2\u5bb6\u5343\u4f4f\u660e\u6c0f\u304c\u97f3\u697d\u76e3\u7763\u3092\u52d9\u3081\u305f\u300c\u300e\u871c\u8702\u3068\u9060\u96f7\u300f\u30ea\u30fc\u30c7\u30a3\u30f3\u30b0\u30fb\u30aa\u30fc\u30b1\u30b9\u30c8\u30e9\u30b3\u30f3\u30b5\u30fc\u30c8\u300d\u306b\u53c2\u52a0\u3002<\/p>\n<p>\u73fe\u5728\u3001\u30d4\u30a2\u30ce\u30c7\u30e5\u30aapiaNA\uff08\u30d4\u30a2\u30fc\u30ca\uff09\u3092\u4f50\u4e45\u9593\u3042\u3059\u304b\uff08\u30d4\u30a2\u30ce\uff09\u3068\u3001\u30d4\u30a2\u30ce\u30c8\u30ea\u30aaTrio MiinA\uff08\u30c8\u30ea\u30aa\u30fb\u30df\u30fc\u30ca\uff09\u3092\u938c\u7530\u6cc9\uff08\u30f4\u30a1\u30a4\u30aa\u30ea\u30f3\uff09\u30fb\u77f3\u5ddd\u7950\u652f\uff08\u30c1\u30a7\u30ed\uff09\u3068\u7d50\u6210\u3059\u308b\u306a\u3069\u3001\u30bd\u30ed\u30fb\u5ba4\u5185\u697d\u5206\u91ce\u306b\u304a\u3044\u3066\u67d4\u8edf\u306a\u6d3b\u52d5\u3092\u56fd\u5185\u5916\u3067\u5c55\u958b\u3057\u3001\u72ec\u81ea\u306e\u6b69\u307f\u3092\u7d9a\u3051\u3066\u3044\u308b\u3002<br \/>\n\u65e5\u672c\u30b9\u30da\u30a4\u30f3\u30d4\u30a2\u30ce\u97f3\u697d\u5b66\u4f1a\u7406\u4e8b\u3002<\/p>\n<p>[\/vc_column_text][\/vc_column][vc_column width=&#8221;1\/3&#8243;][vc_single_image image=&#8221;341&#8243; img_size=&#8221;large&#8221;][\/vc_column][\/vc_row][vc_row css=&#8221;.vc_custom_1497298914244{margin-top: 30px !important;margin-bottom: 30px !important;}&#8221;][vc_column][vc_separator][\/vc_column][\/vc_row][vc_row el_id=&#8221;espa\u00f1ol&#8221;][vc_column width=&#8221;1\/3&#8243;][vc_single_image image=&#8221;624&#8243; img_size=&#8221;large&#8221;][\/vc_column][vc_column width=&#8221;2\/3&#8243;][lab_heading title_tag=&#8221;H3&#8243; title=&#8221;Natsuki Nishimoto&#8221;]Pianista.[\/lab_heading][vc_column_text]Nace en Jap\u00f3n. Realiza los estudios de Master en la Universidad de Artes de Tokio con Akiyoshi Sako, en la Escola Superior de Musica de Catalunya (ESMUC) con Pierre Reach y tambi\u00e9n en el Conservatorio Superior de Castell\u00f3n bajo la direcci\u00f3n de Leonel Morales.<\/p>\n<p>Ganadora de numerosos premios internacionales como el primer premio en el concurso internacional de piano San Giobannni Teattino (Italia), el segundo premio en el concurso internacional de piano Campillos (Espa\u00f1a) y el concurso internacional de piano de Malta en 2015 (Malta), el tercero premio en el concurso internacional de piano \u201cCompositores de Espa\u00f1a\u201d (Espa\u00f1a) y en el concurso internacional de piano Jose Roca (Espa\u00f1a), la primera medalla en el Concurso de piano de Brest en la categoria de Chopin (Francia), el premio m\u00fasica espa\u00f1ola en el concurso internacional de piano cidade Ferrol (Espa\u00f1a), el premio especial del jurado en el Concurso internacional de piano Teresa Llacuna (Francia), \u201cMost distinguished musicians award\u201dy \u201cmencion especial de Ginastera\u201d en IBLA Grand prize (Italia), el premio de Andr\u00e9s Segovia- Jos\u00e9 Miguel Ru\u00edz Morales en \u201cM\u00fasica en compostela -el curso universitario internacional de m\u00fasica espa\u00f1ola\u201c (Espa\u00f1a) y el diploma de finalista obtenido en el concurso internacional Grieg categoria de piano 4 manos (Noruega),etc.<\/p>\n<p>Durante estos a\u00f1os ha asistido a diversos cursos de interpretaci\u00f3n pian\u00edstica impartidos por distintos artistas como Boris Berman, Josep Colom, Pavel Gililov, Edith Fischer, Paul Badura-Skoda, Antonio Iglesias, Raul Sosa, Andreas Fr\u00f6lich, Claudio Martinez Mehler, Yuri Didenko, Giuliano Mazzoccante, Karst De Jong y Siegfried Mauser.<\/p>\n<p>Ha formado parte del d\u00fao de pianos \u201cpiaNA\u201d, con Asuka Sakuma, centr\u00e1ndose en las obras del compositor ruso Nikolai Kapustin, quien mezcla entre el piano virtuoso cl\u00e1sico y el lenguaje del jazz. El mismo compositor les dedic\u00f3 dos obras Three for two op.145 para 2 pianos y Capriccio op.146 para piano 4 manos, en 2012, a\u00f1o en el que el d\u00fao grab\u00f3 un cd \u201cpiaNA plays Kapustin\u201d exclusivamente con piezas de este artista. En abril de 2014 estrenaron estas dos obras dedicadas.<\/p>\n<p>Ha actuado por Espa\u00f1a, Jap\u00f3n, Francia, Italia, Grecia, Turquia, Suiza, Canada, Estonia y tambien ha aparecido como solista con diversas orquestas. En Espa\u00f1a ha actuado en varias salas de concierto como L\u2019auditori, Palau de la Musica Catalana, Palau de la Musica Valencia, Centro Cultural Medina Elvira de Atarfe, Auditorio de Castell\u00f3n.<\/p>\n<p>Actualmente esta en Tokio, Jap\u00f3n.[\/vc_column_text][\/vc_column][\/vc_row]<\/p>\n<\/div>","protected":false},"excerpt":{"rendered":"<p>[vc_row][vc_column][lab_heading title=&#8221;Biography&#8221;][\/lab_heading][vc_row_inner][vc_column_inner wid&hellip;<\/p>\n","protected":false},"author":1,"featured_media":0,"parent":0,"menu_order":0,"comment_status":"closed","ping_status":"closed","template":"","meta":{"_acf_changed":false,"footnotes":""},"class_list":["post-8","page","type-page","status-publish","hentry"],"acf":[],"aioseo_notices":[],"_links":{"self":[{"href":"https:\/\/www2.furano.jp\/natsuki\/wp-json\/wp\/v2\/pages\/8","targetHints":{"allow":["GET"]}}],"collection":[{"href":"https:\/\/www2.furano.jp\/natsuki\/wp-json\/wp\/v2\/pages"}],"about":[{"href":"https:\/\/www2.furano.jp\/natsuki\/wp-json\/wp\/v2\/types\/page"}],"author":[{"embeddable":true,"href":"https:\/\/www2.furano.jp\/natsuki\/wp-json\/wp\/v2\/users\/1"}],"replies":[{"embeddable":true,"href":"https:\/\/www2.furano.jp\/natsuki\/wp-json\/wp\/v2\/comments?post=8"}],"version-history":[{"count":42,"href":"https:\/\/www2.furano.jp\/natsuki\/wp-json\/wp\/v2\/pages\/8\/revisions"}],"predecessor-version":[{"id":878,"href":"https:\/\/www2.furano.jp\/natsuki\/wp-json\/wp\/v2\/pages\/8\/revisions\/878"}],"wp:attachment":[{"href":"https:\/\/www2.furano.jp\/natsuki\/wp-json\/wp\/v2\/media?parent=8"}],"curies":[{"name":"wp","href":"https:\/\/api.w.org\/{rel}","templated":true}]}}